{"id":59,"date":"2025-11-17T12:01:28","date_gmt":"2025-11-17T12:01:28","guid":{"rendered":"https:\/\/mochiservicos.com\/?page_id=59"},"modified":"2025-11-17T12:01:28","modified_gmt":"2025-11-17T12:01:28","slug":"penny-grow-contact","status":"publish","type":"page","link":"https:\/\/mochiservicos.com\/?page_id=59","title":{"rendered":"Contact"},"content":{"rendered":"<h1>fale Conosco<\/h1>\n<p>Seja na coordena\u00e7\u00e3o log\u00edstica, no aprovisionamento estrat\u00e9gico ou no suporte aduaneiro, a dedica\u00e7\u00e3o da nossa equipa \u00e9 o que faz toda a diferen\u00e7a.<\/p>\n<h2>Visite nosso escrit\u00f3rio<\/h2>\n<p>Avenida Zedequias Manganhela, JAT IV , 6\u00ba andar<\/p>\n<h2>Visite nosso escrit\u00f3rio<\/h2>\n<p>geral@mochinservicos.com\n<\/p>\n<p>\n+258 21 42 4100<\/p>\n<h2>follow us<\/h2>\n<p>\t\t\t\t\t<a href=\\\"https:\/\/www.linkedin.com\/company\/mochi-logist%C3%ADsca-servi%C3%A7os-sa?originalSubdomain=mz\\\" target=\\\"_blank\\\"><br \/>\n\t\t\t\t\t\tLinkedin-in<br \/>\n\t\t\t\t\t\t<svg aria-hidden=\\\"true\\\" viewBox=\\\"0 0 448 512\\\" xmlns=\\\"http:\/\/www.w3.org\/2000\/svg\\\"><path d=\\\"M100.28 448H7.4V148.9h92.88zM53.79 108.1C24.09 108.1 0 83.5 0 53.8a53.79 53.79 0 0 1 107.58 0c0 29.7-24.1 54.3-53.79 54.3zM447.9 448h-92.68V302.4c0-34.7-.7-79.2-48.29-79.2-48.29 0-55.69 37.7-55.69 76.7V448h-92.78V148.9h89.08v40.8h1.3c12.4-23.5 42.69-48.3 87.88-48.3 94 0 111.28 61.9 111.28 142.3V448z\\\"><\/path><\/svg>\t\t\t\t\t<\/a><\/p>\n<form data-form_id=\\\"4\\\" id=\\\"fluentform_4\\\" data-form_instance=\\\"ff_form_instance_4_3\\\" method=\\\"POST\\\" >\n<fieldset  style=\\\"border: none!important;margin: 0!important;padding: 0!important;background-color: transparent!important;box-shadow: none!important;outline: none!important; min-inline-size: 100%;\\\">\n<legend style=\\\"display: block; margin: 0!important;padding: 0!important;height: 0!important;text-indent: -999999px;width: 0!important;overflow:hidden;\\\">Contact Form Demo<\/legend>\n<p style=\\\"display: none !important;\\\" data-prefix=\\\"ak_\\\"><label>&#916;<textarea name=\\\"ak_hp_textarea\\\" cols=\\\"45\\\" rows=\\\"8\\\" maxlength=\\\"100\\\"><\/textarea><\/label><input type=\\\"hidden\\\" id=\\\"ak_js_3\\\" name=\\\"ak_js\\\" value=\\\"174\\\"\/><\/p>\n<p><input type=\\'hidden\\' name=\\'__fluent_form_embded_post_id\\' value=\\'59\\' \/><input type=\\\"hidden\\\" id=\\\"_fluentform_4_fluentformnonce\\\" name=\\\"_fluentform_4_fluentformnonce\\\" value=\\\"ce102b75fc\\\" \/><input type=\\\"hidden\\\" name=\\\"_wp_http_referer\\\" value=\\\"\/wp-admin\/admin-ajax.php\\\" \/><label for=\\'ff_4_3_names_first_name_\\' id=\\'label_ff_4_3_names_first_name_\\' >First Name<\/label><input type=\\\"text\\\" name=\\\"names[first_name]\\\" id=\\\"ff_4_3_names_first_name_\\\" placeholder=\\\"First Name\\\" aria-invalid=\\\"false\\\" aria-required=false><label for=\\'ff_4_3_names_last_name_\\' id=\\'label_ff_4_3_names_last_name_\\' >Last Name<\/label><input type=\\\"text\\\" name=\\\"names[last_name]\\\" id=\\\"ff_4_3_names_last_name_\\\" placeholder=\\\"Last Name\\\" aria-invalid=\\\"false\\\" aria-required=false><label for=\\'ff_4_3_email\\' id=\\'label_ff_4_3_email\\' aria-label=\\\"Email\\\">Email<\/label><input type=\\\"email\\\" name=\\\"email\\\" id=\\\"ff_4_3_email\\\" placeholder=\\\"Email Address\\\" data-name=\\\"email\\\"  aria-invalid=\\\"false\\\" aria-required=true><label for=\\'ff_4_3_subject\\' id=\\'label_ff_4_3_subject\\' aria-label=\\\"Subject\\\">Subject<\/label><input type=\\\"text\\\" name=\\\"subject\\\" placeholder=\\\"Subject\\\" data-name=\\\"subject\\\" id=\\\"ff_4_3_subject\\\"  aria-invalid=\\\"false\\\" aria-required=false><label for=\\'ff_4_3_message\\' id=\\'label_ff_4_3_message\\' aria-label=\\\"Your Message\\\">Your Message<\/label><textarea aria-required=\\\"true\\\" aria-labelledby=\\\"label_ff_4_3_message\\\" name=\\\"message\\\" id=\\\"ff_4_3_message\\\" placeholder=\\\"Your Message\\\" rows=\\\"4\\\" cols=\\\"2\\\" data-name=\\\"message\\\" ><\/textarea><button type=\\\"submit\\\"  aria-label=\\\"Submit Form\\\">Submit Form<\/button><\/fieldset>\n<\/form>\n","protected":false},"excerpt":{"rendered":"<p>fale Conosco Seja na coordena\u00e7\u00e3o log\u00edstica, no aprovisionamento estrat\u00e9gico ou no suporte aduaneiro, a dedica\u00e7\u00e3o da nossa equipa \u00e9 o que faz toda a diferen\u00e7a. Visite nosso escrit\u00f3rio Avenida Zedequias Manganhela, JAT IV , 6\u00ba andar Visite nosso escrit\u00f3rio geral@mochinservicos.com +258 21 42 4100 follow us Linkedin-in Contact Form Demo &#916; First NameLast NameEmailSubjectYour MessageSubmit [&hellip;]<\/p>\n","protected":false},"author":1,"featured_media":0,"parent":0,"menu_order":0,"comment_status":"closed","ping_status":"closed","template":"elementor_header_footer","meta":{"footnotes":""},"class_list":["post-59","page","type-page","status-publish","hentry"],"brizy_media":[],"_links":{"self":[{"href":"https:\/\/mochiservicos.com\/index.php?rest_route=\/wp\/v2\/pages\/59","targetHints":{"allow":["GET"]}}],"collection":[{"href":"https:\/\/mochiservicos.com\/index.php?rest_route=\/wp\/v2\/pages"}],"about":[{"href":"https:\/\/mochiservicos.com\/index.php?rest_route=\/wp\/v2\/types\/page"}],"author":[{"embeddable":true,"href":"https:\/\/mochiservicos.com\/index.php?rest_route=\/wp\/v2\/users\/1"}],"replies":[{"embeddable":true,"href":"https:\/\/mochiservicos.com\/index.php?rest_route=%2Fwp%2Fv2%2Fcomments&post=59"}],"version-history":[{"count":0,"href":"https:\/\/mochiservicos.com\/index.php?rest_route=\/wp\/v2\/pages\/59\/revisions"}],"wp:attachment":[{"href":"https:\/\/mochiservicos.com\/index.php?rest_route=%2Fwp%2Fv2%2Fmedia&parent=59"}],"curies":[{"name":"wp","href":"https:\/\/api.w.org\/{rel}","templated":true}]}}